{"id":3286,"date":"2023-12-12T10:16:26","date_gmt":"2023-12-12T08:16:26","guid":{"rendered":"http:\/\/dating-sites-australia.org\/?page_id=3286"},"modified":"2023-12-12T10:16:26","modified_gmt":"2023-12-12T08:16:26","slug":"bbwcupid","status":"publish","type":"page","link":"https:\/\/tiamly.com\/no\/bbwcupid\/","title":{"rendered":"BBWCupid"},"content":{"rendered":"\r\n\r\n<div class=\"main-column-text\"> \r\n  <div class=\"slots-sctable slots-sctable_ver3\"> \r\n   <div class=\"slots-sctablerow1\"> \r\n    <div class=\"slots-zm-col slots-rank-col\"> \r\n     <strong>RANG<\/strong> \r\n    <\/div> \r\n    <div class=\"slots-zm-col  slots-site-col\"> \r\n     <strong>DATINGSIDE<\/strong> \r\n    <\/div> \r\n    <div class=\"slots-zm-col slots-rate-col\"> \r\n     <strong>FORDELER<\/strong> \r\n    <\/div> \r\n    <div class=\"slots-zm-col slots-vis-col\"> \r\n     <strong>BES\u00d8K<\/strong> \r\n    <\/div> \r\n   <\/div>    \r\n   <div class=\"slots-sctablerow2\"> \r\n    <div class=\"slots-tbx-col slots-rank-col\"> \r\n     <strong><span class=\"slots_ratecir\">&#x2b50;<\/span><\/strong> \r\n    <\/div> \r\n    <div class=\"slots-tbx-col slots-site-col\"> \r\n     <strong><img loading=\"lazy\" decoding=\"async\" class=\"boxradius\" height=\"80\" width=\"280\" alt=\"BBWCupid Logo\" src=\"\/wp-content\/uploads\/BBWCupid-Logo.jpg\"><\/strong> \r\n    <\/div> \r\n    <div class=\"slots-tbx-col slots-rate-col list\"> \r\n     <ul> \r\n      <li><span style=\"color: #d8205d\";>\u2764\ufe0f<\/span> For st\u00f8rre mennesker<\/li> \r\n      <li><span style=\"color: #d8205d\";>\u2764\ufe0f<\/span> H\u00f8y matchrate<\/li> \r\n      <li><span style=\"color: #d8205d\";>\u2764\ufe0f<\/span> Gratis registrering<\/li> \r\n     <\/ul> \r\n    <\/div> \r\n    <div class=\"slots-tbx-col slots-vis-col\"> \r\n     <strong> <a target=\"_blank\" href=\"https:\/\/www.bbwcupid.com\/\" class=\"slots-button playb\" rel=\"nofollow noopener\">PR\u00d8V GRATIS &#10148;<\/a><\/strong> \r\n       <\/div>\r\n    <\/div>\r\n  <\/div>\r\n<\/div>\n\r\n\r\n\r\n\r\n\r\n<h2 class=\"wp-block-heading\" id=\"online-dating-for-plus-sized-people\"><span class=\"ez-toc-section\" id=\"Nettdating-for-storre-kropper\"><\/span>Nettdating for st\u00f8rre kropper<span class=\"ez-toc-section-end\"><\/span><\/h2>\r\n\r\n\r\n\r\n<p><a href=\"https:\/\/tiamly.com\/no\/\">Nettdating<\/a> kan v\u00e6re vanskeligst for overvektige mennesker. Siden de fleste datingsidene inneholder en brukerbase av veltrente og atletiske invdivider, kan de som bruker st\u00f8rre st\u00f8rrelser oppleve \u00e5 bli diskriminert. Dette betyr derimot ikke at du b\u00f8r legge datingen vekk bare p\u00e5 grunn av st\u00f8rrelsen din. Du er vakker uansett st\u00f8rrelse, og det finnes flere <a href=\"\/no\/dating-app\/\">datingappe<\/a>r som har fokus p\u00e5 dating for de av oss med litt ekstra og ta i og v\u00e6re glad i.<\/p>\r\n\r\n\r\n\r\n<p>Et av appene mange fra pluss-st\u00f8rrelsemilj\u00f8et har lagt merke til kalles for BBWCupid. Dette er en fantastisk app hvor du kan finne varig kj\u00e6rlighet. Istedenfor \u00e5 miste alt h\u00e5p kan du opprette en konto for \u00e5 finne noen som vil elske og verdsette deg og kroppen din slik den er.<\/p>\r\n\r\n\r\n\r\n<p>Uansett om du er ute etter noen \u00e5 v\u00e6re sammen med eller noe mer uforpliktende er BBWCupid den perfekte appen du kan finne noe helt spesielt p\u00e5. Det er en nisjeplattform som lar deg finne kompatible matcher, og du kan bruke nettsiden gratis f\u00f8r du velger en abonneringsplan. Siden de fleste brukerne er aktive er den definitivt verdt \u00e5 bruke. Siden jeg har brukt BBWCupid nylig vil jeg gjerne dele opplevelsen min med dere.<\/p>\r\n\r\n\r\n\r\n<h4 id=\"better-dating-sites\" class=\"has-text-align-center wp-block-heading\">Bedre Datingsider<\/h4>\r\n\r\n\r\n<div class=\"main-column-text\"> \r\n  <div class=\"slots-sctable slots-sctable_ver3\"> \r\n   <div class=\"slots-sctablerow1\"> \r\n    <div class=\"slots-zm-col slots-rank-col\"> \r\n     <strong>RANG<\/strong> \r\n    <\/div> \r\n    <div class=\"slots-zm-col  slots-site-col\"> \r\n     <strong>DATINGSIDE<\/strong> \r\n    <\/div> \r\n    <div class=\"slots-zm-col slots-rate-col\"> \r\n     <strong>FORDELER<\/strong> \r\n    <\/div> \r\n    <div class=\"slots-zm-col slots-vis-col\"> \r\n     <strong>BES\u00d8K<\/strong> \r\n    <\/div> \r\n   <\/div> \r\n   <div class=\"slots-sctablerow2\"> \r\n    <div class=\"slots-tbx-col slots-rank-col\"> \r\n     <strong><span class=\"slots_ratecir\">1<\/span><\/strong> \r\n    <\/div> \r\n    <div class=\"slots-tbx-col slots-site-col\"> \r\n     <strong><img loading=\"lazy\" decoding=\"async\" class=\"boxradius\" height=\"80\" width=\"280\" alt=\"C-Date Logo\" src=\"https:\/\/tiamly.com\/sv\/wp-content\/uploads\/C-Date-Logo.jpg\"><\/strong> \r\n    <\/div> \r\n    <div class=\"slots-tbx-col slots-rate-col list\"> \r\n     <ul> \r\n      <li><span style=\"color: #d8205d\" ;>\u2764\ufe0f<\/span> 18+<\/li> \r\n      <li><span style=\"color: #d8205d\" ;>\u2764\ufe0f<\/span> Popul\u00e6rt i Oslo<\/li> \r\n      <li><span style=\"color: #d8205d\" ;>\u2764\ufe0f<\/span> Kontaktgaranti<\/li> \r\n     <\/ul> \r\n    <\/div> \r\n    <div class=\"slots-tbx-col slots-vis-col\"> \r\n     <strong> <a target=\"_blank\" href=\"\/no\/go\/cdate\/\" class=\"slots-button playb\" rel=\"nofollow noopener\">PR\u00d8V GRATIS \u27a4<\/a><\/strong> \r\n    <\/div> \r\n   <\/div> \r\n   <div class=\"slots-sctablerow2\"> \r\n    <div class=\"slots-tbx-col slots-rank-col\"> \r\n     <strong><span class=\"slots_ratecir\">2<\/span><\/strong> \r\n    <\/div> \r\n    <div class=\"slots-tbx-col slots-site-col\"> \r\n     <strong><img loading=\"lazy\" decoding=\"async\" class=\"boxradius\" height=\"80\" width=\"280\" alt=\"30-dating Logo\" src=\"\/no\/wp-content\/uploads\/30-Dating-Logo.jpg\"><\/strong> \r\n    <\/div> \r\n    <div class=\"slots-tbx-col slots-rate-col list\"> \r\n     <ul> \r\n      <li><span style=\"color: #d8205d\" ;>\u2764\ufe0f<\/span> 30+<\/li> \r\n      <li><span style=\"color: #d8205d\" ;>\u2764\ufe0f<\/span> Ny datingside<\/li> \r\n      <li><span style=\"color: #d8205d\" ;>\u2764\ufe0f<\/span> Sikker side<\/li> \r\n     <\/ul> \r\n    <\/div> \r\n    <div class=\"slots-tbx-col slots-vis-col\"> \r\n     <strong> <a target=\"_blank\" href=\"\/no\/go\/30-dating\/\" class=\"slots-button playb\" rel=\"nofollow noopener\">PR\u00d8V GRATIS \u27a4<\/a><\/strong> \r\n    <\/div> \r\n   <\/div> \r\n   <div class=\"slots-sctablerow2\"> \r\n    <div class=\"slots-tbx-col slots-rank-col\"> \r\n     <strong><span class=\"slots_ratecir\">3<\/span><\/strong> \r\n    <\/div> \r\n    <div class=\"slots-tbx-col slots-site-col\"> \r\n     <strong><img loading=\"lazy\" decoding=\"async\" class=\"boxradius\" height=\"80\" width=\"280\" alt=\"60-Dating Logo\" src=\"\/no\/wp-content\/uploads\/60-Dating-Logo.jpg\"><\/strong> \r\n    <\/div> \r\n    <div class=\"slots-tbx-col slots-rate-col list\"> \r\n     <ul> \r\n      <li><span style=\"color: #d8205d\" ;>\u2764\ufe0f<\/span> 50+<\/li> \r\n      <li><span style=\"color: #d8205d\" ;>\u2764\ufe0f<\/span> Ny datingside<\/li> \r\n      <li><span style=\"color: #d8205d\" ;>\u2764\ufe0f<\/span> Aktive medlemmer<\/li> \r\n     <\/ul> \r\n    <\/div> \r\n    <div class=\"slots-tbx-col slots-vis-col\"> \r\n     <strong> <a target=\"_blank\" href=\"\/no\/go\/60-dating\/\" class=\"slots-button playb\" rel=\"nofollow noopener\">PR\u00d8V GRATIS \u27a4<\/a><\/strong> \r\n    <\/div> \r\n   <\/div>\r\n   <\/div>\r\n   <\/div>\t\n\r\n\r\n\r\n<div class=\"wp-block-image\">\r\n<figure class=\"aligncenter size-large\"><img loading=\"lazy\" decoding=\"async\" class=\"aligncenter size-full wp-image-4665\" src=\"https:\/\/tiamly.com\/no\/wp-content\/uploads\/BBWCupid-Norge.jpg\" alt=\"BBWCupid Norge\" width=\"1894\" height=\"905\" srcset=\"https:\/\/tiamly.com\/no\/wp-content\/uploads\/BBWCupid-Norge.jpg 1894w, https:\/\/tiamly.com\/no\/wp-content\/uploads\/BBWCupid-Norge-300x143.jpg 300w, https:\/\/tiamly.com\/no\/wp-content\/uploads\/BBWCupid-Norge-1024x489.jpg 1024w, https:\/\/tiamly.com\/no\/wp-content\/uploads\/BBWCupid-Norge-768x367.jpg 768w, https:\/\/tiamly.com\/no\/wp-content\/uploads\/BBWCupid-Norge-1536x734.jpg 1536w\" sizes=\"auto, (max-width: 1894px) 100vw, 1894px\" \/><\/figure>\r\n<\/div>\r\n\r\n\r\n\r\n<h2 class=\"wp-block-heading\" id=\"using-the-service\"><span class=\"ez-toc-section\" id=\"Bruk-av-tjenesten\"><\/span>Bruk av tjenesten<span class=\"ez-toc-section-end\"><\/span><\/h2>\r\n\r\n\r\n\r\n<p>BBWCupid er en superenkel datingside \u00e5 bruke. Den gir deg tilgang til mange funksjoner, som sending av beskjeder og s\u00f8king etter noen som oppfyller kriterene dine. Selv om det finnes enkelte funksjoner som virker un\u00f8dvendige er BBW Cupid fortsatt verdt \u00e5 bruke. Noen av funksjonen du vil like inkluderer muligheten til \u00e5 forlenge profilplassen din, avanserte matchingsalgoritmer, livechatting og anonym surfing.<\/p>\r\n\r\n\r\n\r\n<p>N\u00e5r du fordobler plassen p\u00e5 profilen din kan du skrive inn flere detaljer som fanger oppmerksomheten til brukerne. Med en utvidet profil f\u00e5r du flere alternativer som hjelper deg med \u00e5 skille deg ut. Med live chattingen kan du \u00f8yeblikkelig chatte med brukerne for \u00e5 starte raske samtaler. Med anonym surfing s\u00f8rger du for at brukere ikke finner ut at du har sett p\u00e5 profilen deres.<\/p>\r\n\r\n\r\n\r\n<h2 class=\"wp-block-heading\" id=\"advanced-matching-algorithm\"><span class=\"ez-toc-section\" id=\"Avansert-matchingalgorytme\"><\/span>Avansert matchingalgorytme<span class=\"ez-toc-section-end\"><\/span><\/h2>\r\n\r\n\r\n\r\n<p>BBWCupid har noen av de beste singelmenneskene der ute. Appen er designet for \u00e5 fjerne alle falske kontoer, som betyr at kun autentiske brukere f\u00e5r tilgang. Siden brukerne er aktive kan du chatte med dem ofte for \u00e5 f\u00e5 bedre oversikt over personlighetene deres. BBWCupid krever kun at du oppgir litt personlig informasjon som navn, kj\u00f8nn, alder, seksuell orientering og e-postadresse.<\/p>\r\n\r\n\r\n\r\n<p>Med den avanserte matchingalgorytmen hjelper siden deg med \u00e5 finne langvarige parforhold. Den leter etter brukere basert p\u00e5 kompatibiliteten deres og lar deg ha det moro. Du vil m\u00e5tte kj\u00f8pe et premiumsabonnement for \u00e5 chatte og date personen derimot. BBWCupid gj\u00f8r en fantastisk jobb n\u00e5r det kommer til personlighet. Den gj\u00f8r det mulig for deg \u00e5 finne noen som du kjenner deg igjen i og kan ha det moro med. Dette betyr at du ikke trenger \u00e5 bekymre deg om alle disse variablene n\u00e5r du bruker appen.\u00a0<\/p>\r\n\r\n\r\n\r\n<h2 class=\"wp-block-heading\" id=\"the-cost-of-bbwcupid\"><span class=\"ez-toc-section\" id=\"Kostnader-pa-BBWCupid\"><\/span>Kostnader p\u00e5 BBWCupid<span class=\"ez-toc-section-end\"><\/span><\/h2>\r\n\r\n\r\n\r\n<p>Siden en gratiskonto p\u00e5 BBWCupid ikke egentlig lar deg gj\u00f8re noe s\u00e6rlig vil du til slutt m\u00e5tte betale for et abonnement. Dette vil gi deg tilgang til \u00e5 sende meldinger og mye mer.<\/p>\r\n\r\n\r\n\r\n<div class=\"wp-block-image\">\r\n<figure class=\"aligncenter size-large\"><img loading=\"lazy\" decoding=\"async\" class=\"aligncenter size-full wp-image-4666\" src=\"https:\/\/tiamly.com\/no\/wp-content\/uploads\/BBWCupid-Anmeldelse.png\" alt=\"BBWCupid Anmeldelse\" width=\"1889\" height=\"925\" srcset=\"https:\/\/tiamly.com\/no\/wp-content\/uploads\/BBWCupid-Anmeldelse.png 1889w, https:\/\/tiamly.com\/no\/wp-content\/uploads\/BBWCupid-Anmeldelse-300x147.png 300w, https:\/\/tiamly.com\/no\/wp-content\/uploads\/BBWCupid-Anmeldelse-1024x501.png 1024w, https:\/\/tiamly.com\/no\/wp-content\/uploads\/BBWCupid-Anmeldelse-768x376.png 768w, https:\/\/tiamly.com\/no\/wp-content\/uploads\/BBWCupid-Anmeldelse-1536x752.png 1536w\" sizes=\"auto, (max-width: 1889px) 100vw, 1889px\" \/><\/figure>\r\n<\/div>\r\n\r\n\r\n\r\n<h2 class=\"wp-block-heading\" id=\"more-female-users-and-no-ios-app\"><span class=\"ez-toc-section\" id=\"Flere-kvinnelige-brukere-og-ingen-iOS-app\"><\/span>Flere kvinnelige brukere og ingen iOS-app<span class=\"ez-toc-section-end\"><\/span><\/h2>\r\n\r\n\r\n\r\n<p>Det finnes et par klager brukerne av BBWCupid melder fra om. For det f\u00f8rste er det flere kvinner som bruker nettsiden enn menn. For det andre har ikke appen en egen iOS-versjon, som er rart med tanke p\u00e5 hvor stort BBWCupid-foretaket er. I tillegg er ikke appen s\u00e6rlig popul\u00e6r i sm\u00e5byene, som betyr at du b\u00f8r bo i storbyen om du vil ha stort utvalg. Bortsett fra disse ulempene er BBW Cupid en flott app som hjelper mennesker med &laquo;mer \u00e5 ta i&raquo; \u00e5 finne kj\u00e6rligheten. Det finnes ogs\u00e5 andre datingsider du kan bruke om du er p\u00e5 utkikk etter flere datingalternativer.<\/p>\r\n\r\n\r\n\r\n<h3 class=\"wp-block-heading\" id=\"related-articles\"><span class=\"ez-toc-section\" id=\"Relaterte-artikler\"><\/span>Relaterte artikler<span class=\"ez-toc-section-end\"><\/span><\/h3>\r\n\r\n\r\n\r\n<ul class=\"wp-block-list\">\r\n<li><a href=\"https:\/\/tiamly.com\/no\/lesbisk\/\">Lesbiske Datingsider<\/a><\/li>\r\n<li><a href=\"https:\/\/tiamly.com\/no\/date-tips-og-aktiviteter\/\">50 ting \u00e5 gj\u00f8re p\u00e5 din f\u00f8rste, andre og tredje date!<\/a><\/li>\r\n<li><a href=\"\/no\/dater-eldre-kvinner\/\">Dating med modne Kvinner<\/a><\/li>\r\n<\/ul>\r\n","protected":false},"excerpt":{"rendered":"<p>Nettdating for st\u00f8rre kropper Nettdating kan v\u00e6re vanskeligst for overvektige &#8230; <a title=\"BBWCupid\" class=\"read-more\" href=\"https:\/\/tiamly.com\/no\/bbwcupid\/\" aria-label=\"Read more about BBWCupid\">Les mer<\/a><\/p>\n","protected":false},"author":3,"featured_media":4665,"parent":0,"menu_order":0,"comment_status":"closed","ping_status":"closed","template":"","meta":{"footnotes":""},"class_list":["post-3286","page","type-page","status-publish","has-post-thumbnail"],"yoast_head":"<!-- This site is optimized with the Yoast SEO plugin v27.2 - https:\/\/yoast.com\/product\/yoast-seo-wordpress\/ -->\n<title>BBWCupid Anmeldelse 2024<\/title>\n<meta name=\"description\" content=\"BBWCupid er den beste appen for single i Norge med &quot;mer \u00e5 v\u00e6re glad i&quot;. \u2b50 Se hvordan vi opplevde appen og matchingtjenesten deres.\" \/>\n<meta name=\"robots\" content=\"index, follow, max-snippet:-1, max-image-preview:large, max-video-preview:-1\" \/>\n<link rel=\"canonical\" href=\"https:\/\/tiamly.com\/no\/bbwcupid\/\" \/>\n<meta property=\"og:locale\" content=\"nb_NO\" \/>\n<meta property=\"og:type\" content=\"article\" \/>\n<meta property=\"og:title\" content=\"BBWCupid Anmeldelse 2024\" \/>\n<meta property=\"og:description\" content=\"BBWCupid er den beste appen for single i Norge med &quot;mer \u00e5 v\u00e6re glad i&quot;. \u2b50 Se hvordan vi opplevde appen og matchingtjenesten deres.\" \/>\n<meta property=\"og:url\" content=\"https:\/\/tiamly.com\/no\/bbwcupid\/\" \/>\n<meta property=\"og:site_name\" content=\"Tiamly Norge\" \/>\n<meta property=\"article:publisher\" content=\"https:\/\/www.facebook.com\/tiamlydating\/\" \/>\n<meta property=\"og:image\" content=\"https:\/\/tiamly.com\/no\/wp-content\/uploads\/BBWCupid-Norge.jpg\" \/>\n\t<meta property=\"og:image:width\" content=\"1894\" \/>\n\t<meta property=\"og:image:height\" content=\"905\" \/>\n\t<meta property=\"og:image:type\" content=\"image\/jpeg\" \/>\n<meta name=\"twitter:card\" content=\"summary_large_image\" \/>\n<meta name=\"twitter:label1\" content=\"Ansl. lesetid\" \/>\n\t<meta name=\"twitter:data1\" content=\"4 minutter\" \/>\n<script type=\"application\/ld+json\" class=\"yoast-schema-graph\">{\"@context\":\"https:\/\/schema.org\",\"@graph\":[{\"@type\":\"NewsArticle\",\"@id\":\"https:\/\/tiamly.com\/no\/bbwcupid\/#article\",\"isPartOf\":{\"@id\":\"https:\/\/tiamly.com\/no\/bbwcupid\/\"},\"author\":{\"name\":\"Emma Stockton\",\"@id\":\"https:\/\/tiamly.com\/no\/#\/schema\/person\/3a82a40014b7bac42e6da6cee8b9bb66\"},\"headline\":\"BBWCupid\",\"datePublished\":\"2023-12-12T08:16:26+00:00\",\"mainEntityOfPage\":{\"@id\":\"https:\/\/tiamly.com\/no\/bbwcupid\/\"},\"wordCount\":673,\"publisher\":{\"@id\":\"https:\/\/tiamly.com\/no\/#organization\"},\"image\":{\"@id\":\"https:\/\/tiamly.com\/no\/bbwcupid\/#primaryimage\"},\"thumbnailUrl\":\"https:\/\/tiamly.com\/no\/wp-content\/uploads\/BBWCupid-Norge.jpg\",\"inLanguage\":\"nb-NO\"},{\"@type\":\"WebPage\",\"@id\":\"https:\/\/tiamly.com\/no\/bbwcupid\/\",\"url\":\"https:\/\/tiamly.com\/no\/bbwcupid\/\",\"name\":\"BBWCupid Anmeldelse 2024\",\"isPartOf\":{\"@id\":\"https:\/\/tiamly.com\/no\/#website\"},\"primaryImageOfPage\":{\"@id\":\"https:\/\/tiamly.com\/no\/bbwcupid\/#primaryimage\"},\"image\":{\"@id\":\"https:\/\/tiamly.com\/no\/bbwcupid\/#primaryimage\"},\"thumbnailUrl\":\"https:\/\/tiamly.com\/no\/wp-content\/uploads\/BBWCupid-Norge.jpg\",\"datePublished\":\"2023-12-12T08:16:26+00:00\",\"description\":\"BBWCupid er den beste appen for single i Norge med \\\"mer \u00e5 v\u00e6re glad i\\\". \u2b50 Se hvordan vi opplevde appen og matchingtjenesten deres.\",\"breadcrumb\":{\"@id\":\"https:\/\/tiamly.com\/no\/bbwcupid\/#breadcrumb\"},\"inLanguage\":\"nb-NO\",\"potentialAction\":[{\"@type\":\"ReadAction\",\"target\":[\"https:\/\/tiamly.com\/no\/bbwcupid\/\"]}]},{\"@type\":\"ImageObject\",\"inLanguage\":\"nb-NO\",\"@id\":\"https:\/\/tiamly.com\/no\/bbwcupid\/#primaryimage\",\"url\":\"https:\/\/tiamly.com\/no\/wp-content\/uploads\/BBWCupid-Norge.jpg\",\"contentUrl\":\"https:\/\/tiamly.com\/no\/wp-content\/uploads\/BBWCupid-Norge.jpg\",\"width\":1894,\"height\":905,\"caption\":\"BBWCupid Norge\"},{\"@type\":\"BreadcrumbList\",\"@id\":\"https:\/\/tiamly.com\/no\/bbwcupid\/#breadcrumb\",\"itemListElement\":[{\"@type\":\"ListItem\",\"position\":1,\"name\":\"Home\",\"item\":\"https:\/\/tiamly.com\/no\/\"},{\"@type\":\"ListItem\",\"position\":2,\"name\":\"BBWCupid\"}]},{\"@type\":\"WebSite\",\"@id\":\"https:\/\/tiamly.com\/no\/#website\",\"url\":\"https:\/\/tiamly.com\/no\/\",\"name\":\"Tiamly\",\"description\":\"En popul\u00e6r online dating ressurs av Emma Stockton.\",\"publisher\":{\"@id\":\"https:\/\/tiamly.com\/no\/#organization\"},\"alternateName\":\"Tiamly.com\",\"potentialAction\":[{\"@type\":\"SearchAction\",\"target\":{\"@type\":\"EntryPoint\",\"urlTemplate\":\"https:\/\/tiamly.com\/no\/?s={search_term_string}\"},\"query-input\":{\"@type\":\"PropertyValueSpecification\",\"valueRequired\":true,\"valueName\":\"search_term_string\"}}],\"inLanguage\":\"nb-NO\"},{\"@type\":\"Organization\",\"@id\":\"https:\/\/tiamly.com\/no\/#organization\",\"name\":\"Tiamly\",\"alternateName\":\"Tiamly.com\",\"url\":\"https:\/\/tiamly.com\/no\/\",\"logo\":{\"@type\":\"ImageObject\",\"inLanguage\":\"nb-NO\",\"@id\":\"https:\/\/tiamly.com\/no\/#\/schema\/logo\/image\/\",\"url\":\"https:\/\/tiamly.com\/no\/wp-content\/uploads\/Tiamly-Mobile-Logo.png\",\"contentUrl\":\"https:\/\/tiamly.com\/no\/wp-content\/uploads\/Tiamly-Mobile-Logo.png\",\"width\":404,\"height\":144,\"caption\":\"Tiamly\"},\"image\":{\"@id\":\"https:\/\/tiamly.com\/no\/#\/schema\/logo\/image\/\"},\"sameAs\":[\"https:\/\/www.facebook.com\/tiamlydating\/\"]},{\"@type\":\"Person\",\"@id\":\"https:\/\/tiamly.com\/no\/#\/schema\/person\/3a82a40014b7bac42e6da6cee8b9bb66\",\"name\":\"Emma Stockton\",\"image\":{\"@type\":\"ImageObject\",\"inLanguage\":\"nb-NO\",\"@id\":\"https:\/\/secure.gravatar.com\/avatar\/2ba2aad0a526cef3d39a3f0562f673646fb8ab9978e3977a73e23202ad3be04a?s=96&d=mm&r=g\",\"url\":\"https:\/\/secure.gravatar.com\/avatar\/2ba2aad0a526cef3d39a3f0562f673646fb8ab9978e3977a73e23202ad3be04a?s=96&d=mm&r=g\",\"contentUrl\":\"https:\/\/secure.gravatar.com\/avatar\/2ba2aad0a526cef3d39a3f0562f673646fb8ab9978e3977a73e23202ad3be04a?s=96&d=mm&r=g\",\"caption\":\"Emma Stockton\"},\"sameAs\":[\"https:\/\/tiamly.com\/no\"],\"url\":\"https:\/\/tiamly.com\/no\/author\/per-erik-eriksson\/\"}]}<\/script>\n<!-- \/ Yoast SEO plugin. -->","yoast_head_json":{"title":"BBWCupid Anmeldelse 2024","description":"BBWCupid er den beste appen for single i Norge med \"mer \u00e5 v\u00e6re glad i\". \u2b50 Se hvordan vi opplevde appen og matchingtjenesten deres.","robots":{"index":"index","follow":"follow","max-snippet":"max-snippet:-1","max-image-preview":"max-image-preview:large","max-video-preview":"max-video-preview:-1"},"canonical":"https:\/\/tiamly.com\/no\/bbwcupid\/","og_locale":"nb_NO","og_type":"article","og_title":"BBWCupid Anmeldelse 2024","og_description":"BBWCupid er den beste appen for single i Norge med \"mer \u00e5 v\u00e6re glad i\". \u2b50 Se hvordan vi opplevde appen og matchingtjenesten deres.","og_url":"https:\/\/tiamly.com\/no\/bbwcupid\/","og_site_name":"Tiamly Norge","article_publisher":"https:\/\/www.facebook.com\/tiamlydating\/","og_image":[{"width":1894,"height":905,"url":"https:\/\/tiamly.com\/no\/wp-content\/uploads\/BBWCupid-Norge.jpg","type":"image\/jpeg"}],"twitter_card":"summary_large_image","twitter_misc":{"Ansl. lesetid":"4 minutter"},"schema":{"@context":"https:\/\/schema.org","@graph":[{"@type":"NewsArticle","@id":"https:\/\/tiamly.com\/no\/bbwcupid\/#article","isPartOf":{"@id":"https:\/\/tiamly.com\/no\/bbwcupid\/"},"author":{"name":"Emma Stockton","@id":"https:\/\/tiamly.com\/no\/#\/schema\/person\/3a82a40014b7bac42e6da6cee8b9bb66"},"headline":"BBWCupid","datePublished":"2023-12-12T08:16:26+00:00","mainEntityOfPage":{"@id":"https:\/\/tiamly.com\/no\/bbwcupid\/"},"wordCount":673,"publisher":{"@id":"https:\/\/tiamly.com\/no\/#organization"},"image":{"@id":"https:\/\/tiamly.com\/no\/bbwcupid\/#primaryimage"},"thumbnailUrl":"https:\/\/tiamly.com\/no\/wp-content\/uploads\/BBWCupid-Norge.jpg","inLanguage":"nb-NO"},{"@type":"WebPage","@id":"https:\/\/tiamly.com\/no\/bbwcupid\/","url":"https:\/\/tiamly.com\/no\/bbwcupid\/","name":"BBWCupid Anmeldelse 2024","isPartOf":{"@id":"https:\/\/tiamly.com\/no\/#website"},"primaryImageOfPage":{"@id":"https:\/\/tiamly.com\/no\/bbwcupid\/#primaryimage"},"image":{"@id":"https:\/\/tiamly.com\/no\/bbwcupid\/#primaryimage"},"thumbnailUrl":"https:\/\/tiamly.com\/no\/wp-content\/uploads\/BBWCupid-Norge.jpg","datePublished":"2023-12-12T08:16:26+00:00","description":"BBWCupid er den beste appen for single i Norge med \"mer \u00e5 v\u00e6re glad i\". \u2b50 Se hvordan vi opplevde appen og matchingtjenesten deres.","breadcrumb":{"@id":"https:\/\/tiamly.com\/no\/bbwcupid\/#breadcrumb"},"inLanguage":"nb-NO","potentialAction":[{"@type":"ReadAction","target":["https:\/\/tiamly.com\/no\/bbwcupid\/"]}]},{"@type":"ImageObject","inLanguage":"nb-NO","@id":"https:\/\/tiamly.com\/no\/bbwcupid\/#primaryimage","url":"https:\/\/tiamly.com\/no\/wp-content\/uploads\/BBWCupid-Norge.jpg","contentUrl":"https:\/\/tiamly.com\/no\/wp-content\/uploads\/BBWCupid-Norge.jpg","width":1894,"height":905,"caption":"BBWCupid Norge"},{"@type":"BreadcrumbList","@id":"https:\/\/tiamly.com\/no\/bbwcupid\/#breadcrumb","itemListElement":[{"@type":"ListItem","position":1,"name":"Home","item":"https:\/\/tiamly.com\/no\/"},{"@type":"ListItem","position":2,"name":"BBWCupid"}]},{"@type":"WebSite","@id":"https:\/\/tiamly.com\/no\/#website","url":"https:\/\/tiamly.com\/no\/","name":"Tiamly","description":"En popul\u00e6r online dating ressurs av Emma Stockton.","publisher":{"@id":"https:\/\/tiamly.com\/no\/#organization"},"alternateName":"Tiamly.com","potentialAction":[{"@type":"SearchAction","target":{"@type":"EntryPoint","urlTemplate":"https:\/\/tiamly.com\/no\/?s={search_term_string}"},"query-input":{"@type":"PropertyValueSpecification","valueRequired":true,"valueName":"search_term_string"}}],"inLanguage":"nb-NO"},{"@type":"Organization","@id":"https:\/\/tiamly.com\/no\/#organization","name":"Tiamly","alternateName":"Tiamly.com","url":"https:\/\/tiamly.com\/no\/","logo":{"@type":"ImageObject","inLanguage":"nb-NO","@id":"https:\/\/tiamly.com\/no\/#\/schema\/logo\/image\/","url":"https:\/\/tiamly.com\/no\/wp-content\/uploads\/Tiamly-Mobile-Logo.png","contentUrl":"https:\/\/tiamly.com\/no\/wp-content\/uploads\/Tiamly-Mobile-Logo.png","width":404,"height":144,"caption":"Tiamly"},"image":{"@id":"https:\/\/tiamly.com\/no\/#\/schema\/logo\/image\/"},"sameAs":["https:\/\/www.facebook.com\/tiamlydating\/"]},{"@type":"Person","@id":"https:\/\/tiamly.com\/no\/#\/schema\/person\/3a82a40014b7bac42e6da6cee8b9bb66","name":"Emma Stockton","image":{"@type":"ImageObject","inLanguage":"nb-NO","@id":"https:\/\/secure.gravatar.com\/avatar\/2ba2aad0a526cef3d39a3f0562f673646fb8ab9978e3977a73e23202ad3be04a?s=96&d=mm&r=g","url":"https:\/\/secure.gravatar.com\/avatar\/2ba2aad0a526cef3d39a3f0562f673646fb8ab9978e3977a73e23202ad3be04a?s=96&d=mm&r=g","contentUrl":"https:\/\/secure.gravatar.com\/avatar\/2ba2aad0a526cef3d39a3f0562f673646fb8ab9978e3977a73e23202ad3be04a?s=96&d=mm&r=g","caption":"Emma Stockton"},"sameAs":["https:\/\/tiamly.com\/no"],"url":"https:\/\/tiamly.com\/no\/author\/per-erik-eriksson\/"}]}},"_links":{"self":[{"href":"https:\/\/tiamly.com\/no\/wp-json\/wp\/v2\/pages\/3286","targetHints":{"allow":["GET"]}}],"collection":[{"href":"https:\/\/tiamly.com\/no\/wp-json\/wp\/v2\/pages"}],"about":[{"href":"https:\/\/tiamly.com\/no\/wp-json\/wp\/v2\/types\/page"}],"author":[{"embeddable":true,"href":"https:\/\/tiamly.com\/no\/wp-json\/wp\/v2\/users\/3"}],"replies":[{"embeddable":true,"href":"https:\/\/tiamly.com\/no\/wp-json\/wp\/v2\/comments?post=3286"}],"version-history":[{"count":11,"href":"https:\/\/tiamly.com\/no\/wp-json\/wp\/v2\/pages\/3286\/revisions"}],"predecessor-version":[{"id":6847,"href":"https:\/\/tiamly.com\/no\/wp-json\/wp\/v2\/pages\/3286\/revisions\/6847"}],"wp:featuredmedia":[{"embeddable":true,"href":"https:\/\/tiamly.com\/no\/wp-json\/wp\/v2\/media\/4665"}],"wp:attachment":[{"href":"https:\/\/tiamly.com\/no\/wp-json\/wp\/v2\/media?parent=3286"}],"curies":[{"name":"wp","href":"https:\/\/api.w.org\/{rel}","templated":true}]}}