{"id":1531,"date":"2023-12-12T10:20:40","date_gmt":"2023-12-12T08:20:40","guid":{"rendered":"http:\/\/dating-sites-australia.org\/sv\/?page_id=1358"},"modified":"2023-12-12T10:20:40","modified_gmt":"2023-12-12T08:20:40","slug":"singles50","status":"publish","type":"page","link":"https:\/\/tiamly.com\/no\/singles50\/","title":{"rendered":"Singles50"},"content":{"rendered":"\r\n\r\n<div class=\"main-column-text\"> \r\n  <div class=\"slots-sctable slots-sctable_ver3\"> \r\n   <div class=\"slots-sctablerow1\"> \r\n    <div class=\"slots-zm-col slots-rank-col\"> \r\n     <strong>RANG<\/strong> \r\n    <\/div> \r\n    <div class=\"slots-zm-col  slots-site-col\"> \r\n     <strong>DATINGSIDE<\/strong> \r\n    <\/div> \r\n    <div class=\"slots-zm-col slots-rate-col\"> \r\n     <strong>FORDELER<\/strong> \r\n    <\/div> \r\n    <div class=\"slots-zm-col slots-vis-col\"> \r\n     <strong>BES\u00d8K<\/strong> \r\n    <\/div> \r\n   <\/div>\r\n   <div class=\"slots-sctablerow2\"> \r\n    <div class=\"slots-tbx-col slots-rank-col\"> \r\n     <strong><span class=\"slots_ratecir\">&#x2b50;<\/span><\/strong> \r\n    <\/div> \r\n    <div class=\"slots-tbx-col slots-site-col\"> \r\n     <strong><img loading=\"lazy\" decoding=\"async\" class=\"boxradius\" height=\"80\" width=\"280\" alt=\"Singles50 Logo\" src=\"https:\/\/tiamly.com\/sv\/wp-content\/uploads\/Singles50-Logo.png\"><\/strong>\r\n    <\/div> \r\n    <div class=\"slots-tbx-col slots-rate-col list\"> \r\n     <ul> \r\n      <li><span style=\"color: #d8205d\";>\u2764\ufe0f<\/span> For eldre<\/li> \r\n      <li><span style=\"color: #d8205d\";>\u2764\ufe0f<\/span> Popul\u00e6r side<\/li> \r\n      <li><span style=\"color: #d8205d\";>\u2764\ufe0f<\/span> God personlighetstest<\/li> \r\n     <\/ul> \r\n    <\/div> \r\n    <div class=\"slots-tbx-col slots-vis-col\"> \r\n     <strong> <a target=\"_blank\" href=\"\/no\/go\/singles50\/\" class=\"slots-button playb\" rel=\"nofollow noopener\">PR\u00d8V GRATIS &#10148;<\/a><\/strong> \r\n       <\/div>\r\n    <\/div>\r\n  <\/div>\r\n<\/div>\n\r\n\r\n\r\n\r\n\r\n<h2 class=\"wp-block-heading\" id=\"here-you-will-find-the-right-one\"><span class=\"ez-toc-section\" id=\"Her-finner-du-den-rette\"><\/span>Her finner du den rette<span class=\"ez-toc-section-end\"><\/span><\/h2>\r\n\r\n\r\n\r\n<p>Det er ikke alltid enkelt \u00e5 finne en person du kan kose deg og tilbringe tid med. Om du har n\u00e5dd en mer moden alder vil du sikkert ha noen som deler interessene dine. Hos Singles50 kan du som er p\u00e5 utkikk etter en ny person i livet ditt lete rundt for \u00e5 finne akkurat dette. Denne siden ble startet opp i 2017 og administreres av be2 S.\u00e0.r.l. fra Luxembourg.<\/p>\r\n\r\n\r\n\r\n<p>Ulikt mange andre <a href=\"https:\/\/tiamly.com\/no\/\">datingsider<\/a> gir denne deg muligheten til \u00e5 videochatte. Det kan hende du syns det er skummelt, og det passer ikke for alle. Derimot kan det bli en fin m\u00e5te \u00e5 finne ut om du er interessert i en date med personen du snakker med p\u00e5. Tjenesten er tilgjengelig i mobilappen og alle profilene er private.\u00a0<\/p>\r\n\r\n\r\n\r\n<p>Denne siden passer best for deg som er <a href=\"\/no\/dating-50-plus\/\">over 50 og som er singel<\/a>. Du kan ogs\u00e5 v\u00e6re yngre, men interessert i \u00e5 finne en over 50. Den passer ogs\u00e5 for deg som vil m\u00f8te noen over videochat f\u00f8r du bestemmer deg for en fysisk date. Du kan bli med gratis og opprette en profil. Det er gratis \u00e5 sende den f\u00f8rste meldingen, men etter dette m\u00e5 du velge typen medlemskap du vil ha for \u00e5 fortsette.<\/p>\r\n\r\n\r\n\r\n<h2 class=\"wp-block-heading\" id=\"easy-and-smooth-registration\"><span class=\"ez-toc-section\" id=\"Enkel-og-knirkefri-registrering\"><\/span>Enkel og knirkefri registrering<span class=\"ez-toc-section-end\"><\/span><\/h2>\r\n\r\n\r\n\r\n<p>Mange av de som bes\u00f8ker denne siden er over 50 \u00e5r gamle og ikke like erfarne med \u00e5 bruke internettet. Denne datingsiden har lagt merke til dette og tilbyr en enkel og problemfri registrering. Her kan du opprette en profil p\u00e5 en enkel m\u00e5te, du velger kj\u00f8nn, e-postadresse og om du leter etter en mann eller kvinne. N\u00e5r du er ferdig med det har du fullf\u00f8rt registreringen og er klar til \u00e5 mingle.Denne datingsiden tilbyr en praktisk\u00a0<a href=\"\/no\/dating-app\/\">datingapp<\/a> b\u00e5de til iPhone og Android. Om du foretrekker \u00e5 bruke datamaskinen har de en nettsiden, som er perfekt n\u00e5r du vil registrere deg og lage profilen din. Derimot er appen veldig fleksibel n\u00e5r du simpelthen bare vil holde kontakten med andre single.<\/p>\r\n<p>\r\n\r\n<\/p>\r\n<div class=\"wp-block-image\">\r\n<figure class=\"aligncenter size-full\"><img loading=\"lazy\" decoding=\"async\" class=\"aligncenter size-full wp-image-4763\" src=\"https:\/\/tiamly.com\/no\/wp-content\/uploads\/Singles50-Norge.jpg\" alt=\"Singles50 Norge\" width=\"1894\" height=\"924\" srcset=\"https:\/\/tiamly.com\/no\/wp-content\/uploads\/Singles50-Norge.jpg 1894w, https:\/\/tiamly.com\/no\/wp-content\/uploads\/Singles50-Norge-300x146.jpg 300w, https:\/\/tiamly.com\/no\/wp-content\/uploads\/Singles50-Norge-1024x500.jpg 1024w, https:\/\/tiamly.com\/no\/wp-content\/uploads\/Singles50-Norge-768x375.jpg 768w, https:\/\/tiamly.com\/no\/wp-content\/uploads\/Singles50-Norge-1536x749.jpg 1536w\" sizes=\"auto, (max-width: 1894px) 100vw, 1894px\" \/><\/figure>\r\n<\/div>\r\n<p>\r\n\r\n<\/p>\r\n<h2 class=\"wp-block-heading\" id=\"good-personality-test\"><span class=\"ez-toc-section\" id=\"Bra-personlighetstest\"><\/span>Bra personlighetstest<span class=\"ez-toc-section-end\"><\/span><\/h2>\r\n<p>\r\n\r\n<\/p>\r\n<p>For \u00e5 hjelpe deg \u00e5 finne den perfekte matchen m\u00e5 du ta en personlighetstest n\u00e5r du har registrert deg. Dette betyr at du f\u00e5r besvare en rekke sp\u00f8rsm\u00e5l om hva som er viktig for deg i et forhold. Du kan ogs\u00e5 fortelle hva slags type person du \u00f8nsker \u00e5 finne og tilbringe tid med p\u00e5 denne testen, og da vil matchen bli enda bedre.N\u00e5r du lager profilen din m\u00e5 du svare p\u00e5 litt flere generelle sp\u00f8rsm\u00e5l. Det kan handle om lengden og fargen p\u00e5 h\u00e5ret ditt og hva du er interessert i. N\u00e5r du er ferdig leter datingsiden etter single som matcher \u00f8nskene og personligheten din. Dette betyr at du sorterer ut de som ikke passer deg og dermed sparer masse tid.<\/p>\r\n<p>\r\n\r\n<\/p>\r\n<h2 class=\"wp-block-heading\" id=\"cost\"><span class=\"ez-toc-section\" id=\"Kostnad\"><\/span>Kostnad<span class=\"ez-toc-section-end\"><\/span><\/h2>\r\n<p>\r\n\r\n<\/p>\r\n<p>N\u00e5r du har bestemt deg for \u00e5 bli medlem p\u00e5 Singles50 finnes det et par tilbud du kan benytte deg av. Du kan pr\u00f8ve siden gratis og sende den f\u00f8rste meldingen din gratis. Om du vil bli medlem kan du velge hvor lenge du vil registreres for. Jo lengre du \u00f8nsker \u00e5 v\u00e6re medlem, jo billigere blir det. Det er veldig mye rimeligere \u00e5 bli medlem et helt \u00e5r enn kortere.\u00a0<\/p>\r\n<p>\r\n\r\n<\/p>\r\n<div class=\"wp-block-image\">\r\n<figure class=\"aligncenter size-large\"><img loading=\"lazy\" decoding=\"async\" class=\"aligncenter size-full wp-image-4764\" src=\"https:\/\/tiamly.com\/no\/wp-content\/uploads\/Singles50-Anmeldelse.png\" alt=\"Singles50 Anmeldelse\" width=\"1892\" height=\"928\" srcset=\"https:\/\/tiamly.com\/no\/wp-content\/uploads\/Singles50-Anmeldelse.png 1892w, https:\/\/tiamly.com\/no\/wp-content\/uploads\/Singles50-Anmeldelse-300x147.png 300w, https:\/\/tiamly.com\/no\/wp-content\/uploads\/Singles50-Anmeldelse-1024x502.png 1024w, https:\/\/tiamly.com\/no\/wp-content\/uploads\/Singles50-Anmeldelse-768x377.png 768w, https:\/\/tiamly.com\/no\/wp-content\/uploads\/Singles50-Anmeldelse-1536x753.png 1536w\" sizes=\"auto, (max-width: 1892px) 100vw, 1892px\" \/><\/figure>\r\n<\/div>\r\n<p>\r\n\r\n<\/p>\r\n<h2 class=\"wp-block-heading\" id=\"common-complaints-about-singles50\"><span class=\"ez-toc-section\" id=\"Vanlige-klager-om-Singles50\"><\/span>Vanlige klager om Singles50<span class=\"ez-toc-section-end\"><\/span><\/h2>\r\n<p>\r\n\r\n<\/p>\r\n<p>Noen forteller at det er utrolig vanskelig \u00e5 komme i kontakt med kundest\u00f8tte om du trenger \u00e5 snakke om saken din. Derimot forteller andre at de har f\u00e5tt god hjelp fra kundeservice og at de ogs\u00e5 mottok hyggelige svar. Det finnes ogs\u00e5 klager om at store summer penger har blitt tatt som gebyr fra brukernes kontoer. Men summene som ble tatt var rett og slett bare st\u00f8rre fordi de gjaldt for hele abonneringsperioden istedenfor at man betaler m\u00e5nedlig.\u00a0<\/p>\r\n<p>\r\n\r\n<\/p>\r\n<p>Noen f\u00f8ler at de ikke har f\u00e5tt mulighet til \u00e5 bruke angreretten sin innen 14 dager, som er standard for de fleste innkj\u00f8p p\u00e5 nett. Foretaket har deretter if\u00f8lge enkelte kunder hevdet at de allerede har brukt tjenesten og angreretten deres derfor ikke er gyldig lenger. Sannheten er at angreretten ikke gjelder om du har brukt produktet ditt, s\u00e5 foretaket har fullstendig rett til \u00e5 nekte tilbakebetaling.\u00a0<\/p>\r\n<p>\r\n\r\n<\/p>\r\n<h3 class=\"wp-block-heading\" id=\"related-articles\"><span class=\"ez-toc-section\" id=\"Relaterte-artikler\"><\/span>Relaterte artikler<span class=\"ez-toc-section-end\"><\/span><\/h3>\r\n<p>\r\n\r\n<\/p>\r\n<ul class=\"wp-block-list\">\r\n<li><a href=\"https:\/\/tiamly.com\/no\/match\/\">Match<\/a><\/li>\r\n<li><a href=\"\/no\/date-tips-og-aktiviteter\/\">F\u00f8rste date, og mangler du inspirasjon? Les tipsene v\u00e5re!<\/a><\/li>\r\n<li>Lei av \u00e5 betale? Pr\u00f8v disse <a href=\"\/no\/\">kostnadsfrie datingsidene<\/a>!<\/li>\r\n<\/ul>\r\n<p><\/p>","protected":false},"excerpt":{"rendered":"<p>Her finner du den rette Det er ikke alltid enkelt &#8230; <a title=\"Singles50\" class=\"read-more\" href=\"https:\/\/tiamly.com\/no\/singles50\/\" aria-label=\"Read more about Singles50\">Les mer<\/a><\/p>\n","protected":false},"author":3,"featured_media":4763,"parent":0,"menu_order":0,"comment_status":"closed","ping_status":"closed","template":"","meta":{"footnotes":""},"class_list":["post-1531","page","type-page","status-publish","has-post-thumbnail"],"yoast_head":"<!-- This site is optimized with the Yoast SEO plugin v27.2 - https:\/\/yoast.com\/product\/yoast-seo-wordpress\/ -->\n<title>Singles50 Anmeldelse 2024<\/title>\n<meta name=\"description\" content=\"En datingside for single som er litt mer modne av seg! \u2b50 Les tipsene v\u00e5re og dra nytte av eksklusive tilbud.\" \/>\n<meta name=\"robots\" content=\"index, follow, max-snippet:-1, max-image-preview:large, max-video-preview:-1\" \/>\n<link rel=\"canonical\" href=\"https:\/\/tiamly.com\/no\/singles50\/\" \/>\n<meta property=\"og:locale\" content=\"nb_NO\" \/>\n<meta property=\"og:type\" content=\"article\" \/>\n<meta property=\"og:title\" content=\"Singles50 Anmeldelse 2024\" \/>\n<meta property=\"og:description\" content=\"En datingside for single som er litt mer modne av seg! \u2b50 Les tipsene v\u00e5re og dra nytte av eksklusive tilbud.\" \/>\n<meta property=\"og:url\" content=\"https:\/\/tiamly.com\/no\/singles50\/\" \/>\n<meta property=\"og:site_name\" content=\"Tiamly Norge\" \/>\n<meta property=\"article:publisher\" content=\"https:\/\/www.facebook.com\/tiamlydating\/\" \/>\n<meta property=\"og:image\" content=\"https:\/\/tiamly.com\/no\/wp-content\/uploads\/Singles50-Norge.jpg\" \/>\n\t<meta property=\"og:image:width\" content=\"1894\" \/>\n\t<meta property=\"og:image:height\" content=\"924\" \/>\n\t<meta property=\"og:image:type\" content=\"image\/jpeg\" \/>\n<meta name=\"twitter:card\" content=\"summary_large_image\" \/>\n<meta name=\"twitter:label1\" content=\"Ansl. lesetid\" \/>\n\t<meta name=\"twitter:data1\" content=\"4 minutter\" \/>\n<script type=\"application\/ld+json\" class=\"yoast-schema-graph\">{\"@context\":\"https:\/\/schema.org\",\"@graph\":[{\"@type\":\"NewsArticle\",\"@id\":\"https:\/\/tiamly.com\/no\/singles50\/#article\",\"isPartOf\":{\"@id\":\"https:\/\/tiamly.com\/no\/singles50\/\"},\"author\":{\"name\":\"Emma Stockton\",\"@id\":\"https:\/\/tiamly.com\/no\/#\/schema\/person\/3a82a40014b7bac42e6da6cee8b9bb66\"},\"headline\":\"Singles50\",\"datePublished\":\"2023-12-12T08:20:40+00:00\",\"mainEntityOfPage\":{\"@id\":\"https:\/\/tiamly.com\/no\/singles50\/\"},\"wordCount\":720,\"publisher\":{\"@id\":\"https:\/\/tiamly.com\/no\/#organization\"},\"image\":{\"@id\":\"https:\/\/tiamly.com\/no\/singles50\/#primaryimage\"},\"thumbnailUrl\":\"https:\/\/tiamly.com\/no\/wp-content\/uploads\/Singles50-Norge.jpg\",\"inLanguage\":\"nb-NO\"},{\"@type\":\"WebPage\",\"@id\":\"https:\/\/tiamly.com\/no\/singles50\/\",\"url\":\"https:\/\/tiamly.com\/no\/singles50\/\",\"name\":\"Singles50 Anmeldelse 2024\",\"isPartOf\":{\"@id\":\"https:\/\/tiamly.com\/no\/#website\"},\"primaryImageOfPage\":{\"@id\":\"https:\/\/tiamly.com\/no\/singles50\/#primaryimage\"},\"image\":{\"@id\":\"https:\/\/tiamly.com\/no\/singles50\/#primaryimage\"},\"thumbnailUrl\":\"https:\/\/tiamly.com\/no\/wp-content\/uploads\/Singles50-Norge.jpg\",\"datePublished\":\"2023-12-12T08:20:40+00:00\",\"description\":\"En datingside for single som er litt mer modne av seg! \u2b50 Les tipsene v\u00e5re og dra nytte av eksklusive tilbud.\",\"breadcrumb\":{\"@id\":\"https:\/\/tiamly.com\/no\/singles50\/#breadcrumb\"},\"inLanguage\":\"nb-NO\",\"potentialAction\":[{\"@type\":\"ReadAction\",\"target\":[\"https:\/\/tiamly.com\/no\/singles50\/\"]}]},{\"@type\":\"ImageObject\",\"inLanguage\":\"nb-NO\",\"@id\":\"https:\/\/tiamly.com\/no\/singles50\/#primaryimage\",\"url\":\"https:\/\/tiamly.com\/no\/wp-content\/uploads\/Singles50-Norge.jpg\",\"contentUrl\":\"https:\/\/tiamly.com\/no\/wp-content\/uploads\/Singles50-Norge.jpg\",\"width\":1894,\"height\":924,\"caption\":\"Singles50 Norge\"},{\"@type\":\"BreadcrumbList\",\"@id\":\"https:\/\/tiamly.com\/no\/singles50\/#breadcrumb\",\"itemListElement\":[{\"@type\":\"ListItem\",\"position\":1,\"name\":\"Home\",\"item\":\"https:\/\/tiamly.com\/no\/\"},{\"@type\":\"ListItem\",\"position\":2,\"name\":\"Singles50\"}]},{\"@type\":\"WebSite\",\"@id\":\"https:\/\/tiamly.com\/no\/#website\",\"url\":\"https:\/\/tiamly.com\/no\/\",\"name\":\"Tiamly\",\"description\":\"En popul\u00e6r online dating ressurs av Emma Stockton.\",\"publisher\":{\"@id\":\"https:\/\/tiamly.com\/no\/#organization\"},\"alternateName\":\"Tiamly.com\",\"potentialAction\":[{\"@type\":\"SearchAction\",\"target\":{\"@type\":\"EntryPoint\",\"urlTemplate\":\"https:\/\/tiamly.com\/no\/?s={search_term_string}\"},\"query-input\":{\"@type\":\"PropertyValueSpecification\",\"valueRequired\":true,\"valueName\":\"search_term_string\"}}],\"inLanguage\":\"nb-NO\"},{\"@type\":\"Organization\",\"@id\":\"https:\/\/tiamly.com\/no\/#organization\",\"name\":\"Tiamly\",\"alternateName\":\"Tiamly.com\",\"url\":\"https:\/\/tiamly.com\/no\/\",\"logo\":{\"@type\":\"ImageObject\",\"inLanguage\":\"nb-NO\",\"@id\":\"https:\/\/tiamly.com\/no\/#\/schema\/logo\/image\/\",\"url\":\"https:\/\/tiamly.com\/no\/wp-content\/uploads\/Tiamly-Mobile-Logo.png\",\"contentUrl\":\"https:\/\/tiamly.com\/no\/wp-content\/uploads\/Tiamly-Mobile-Logo.png\",\"width\":404,\"height\":144,\"caption\":\"Tiamly\"},\"image\":{\"@id\":\"https:\/\/tiamly.com\/no\/#\/schema\/logo\/image\/\"},\"sameAs\":[\"https:\/\/www.facebook.com\/tiamlydating\/\"]},{\"@type\":\"Person\",\"@id\":\"https:\/\/tiamly.com\/no\/#\/schema\/person\/3a82a40014b7bac42e6da6cee8b9bb66\",\"name\":\"Emma Stockton\",\"image\":{\"@type\":\"ImageObject\",\"inLanguage\":\"nb-NO\",\"@id\":\"https:\/\/secure.gravatar.com\/avatar\/2ba2aad0a526cef3d39a3f0562f673646fb8ab9978e3977a73e23202ad3be04a?s=96&d=mm&r=g\",\"url\":\"https:\/\/secure.gravatar.com\/avatar\/2ba2aad0a526cef3d39a3f0562f673646fb8ab9978e3977a73e23202ad3be04a?s=96&d=mm&r=g\",\"contentUrl\":\"https:\/\/secure.gravatar.com\/avatar\/2ba2aad0a526cef3d39a3f0562f673646fb8ab9978e3977a73e23202ad3be04a?s=96&d=mm&r=g\",\"caption\":\"Emma Stockton\"},\"sameAs\":[\"https:\/\/tiamly.com\/no\"],\"url\":\"https:\/\/tiamly.com\/no\/author\/per-erik-eriksson\/\"}]}<\/script>\n<!-- \/ Yoast SEO plugin. -->","yoast_head_json":{"title":"Singles50 Anmeldelse 2024","description":"En datingside for single som er litt mer modne av seg! \u2b50 Les tipsene v\u00e5re og dra nytte av eksklusive tilbud.","robots":{"index":"index","follow":"follow","max-snippet":"max-snippet:-1","max-image-preview":"max-image-preview:large","max-video-preview":"max-video-preview:-1"},"canonical":"https:\/\/tiamly.com\/no\/singles50\/","og_locale":"nb_NO","og_type":"article","og_title":"Singles50 Anmeldelse 2024","og_description":"En datingside for single som er litt mer modne av seg! \u2b50 Les tipsene v\u00e5re og dra nytte av eksklusive tilbud.","og_url":"https:\/\/tiamly.com\/no\/singles50\/","og_site_name":"Tiamly Norge","article_publisher":"https:\/\/www.facebook.com\/tiamlydating\/","og_image":[{"width":1894,"height":924,"url":"https:\/\/tiamly.com\/no\/wp-content\/uploads\/Singles50-Norge.jpg","type":"image\/jpeg"}],"twitter_card":"summary_large_image","twitter_misc":{"Ansl. lesetid":"4 minutter"},"schema":{"@context":"https:\/\/schema.org","@graph":[{"@type":"NewsArticle","@id":"https:\/\/tiamly.com\/no\/singles50\/#article","isPartOf":{"@id":"https:\/\/tiamly.com\/no\/singles50\/"},"author":{"name":"Emma Stockton","@id":"https:\/\/tiamly.com\/no\/#\/schema\/person\/3a82a40014b7bac42e6da6cee8b9bb66"},"headline":"Singles50","datePublished":"2023-12-12T08:20:40+00:00","mainEntityOfPage":{"@id":"https:\/\/tiamly.com\/no\/singles50\/"},"wordCount":720,"publisher":{"@id":"https:\/\/tiamly.com\/no\/#organization"},"image":{"@id":"https:\/\/tiamly.com\/no\/singles50\/#primaryimage"},"thumbnailUrl":"https:\/\/tiamly.com\/no\/wp-content\/uploads\/Singles50-Norge.jpg","inLanguage":"nb-NO"},{"@type":"WebPage","@id":"https:\/\/tiamly.com\/no\/singles50\/","url":"https:\/\/tiamly.com\/no\/singles50\/","name":"Singles50 Anmeldelse 2024","isPartOf":{"@id":"https:\/\/tiamly.com\/no\/#website"},"primaryImageOfPage":{"@id":"https:\/\/tiamly.com\/no\/singles50\/#primaryimage"},"image":{"@id":"https:\/\/tiamly.com\/no\/singles50\/#primaryimage"},"thumbnailUrl":"https:\/\/tiamly.com\/no\/wp-content\/uploads\/Singles50-Norge.jpg","datePublished":"2023-12-12T08:20:40+00:00","description":"En datingside for single som er litt mer modne av seg! \u2b50 Les tipsene v\u00e5re og dra nytte av eksklusive tilbud.","breadcrumb":{"@id":"https:\/\/tiamly.com\/no\/singles50\/#breadcrumb"},"inLanguage":"nb-NO","potentialAction":[{"@type":"ReadAction","target":["https:\/\/tiamly.com\/no\/singles50\/"]}]},{"@type":"ImageObject","inLanguage":"nb-NO","@id":"https:\/\/tiamly.com\/no\/singles50\/#primaryimage","url":"https:\/\/tiamly.com\/no\/wp-content\/uploads\/Singles50-Norge.jpg","contentUrl":"https:\/\/tiamly.com\/no\/wp-content\/uploads\/Singles50-Norge.jpg","width":1894,"height":924,"caption":"Singles50 Norge"},{"@type":"BreadcrumbList","@id":"https:\/\/tiamly.com\/no\/singles50\/#breadcrumb","itemListElement":[{"@type":"ListItem","position":1,"name":"Home","item":"https:\/\/tiamly.com\/no\/"},{"@type":"ListItem","position":2,"name":"Singles50"}]},{"@type":"WebSite","@id":"https:\/\/tiamly.com\/no\/#website","url":"https:\/\/tiamly.com\/no\/","name":"Tiamly","description":"En popul\u00e6r online dating ressurs av Emma Stockton.","publisher":{"@id":"https:\/\/tiamly.com\/no\/#organization"},"alternateName":"Tiamly.com","potentialAction":[{"@type":"SearchAction","target":{"@type":"EntryPoint","urlTemplate":"https:\/\/tiamly.com\/no\/?s={search_term_string}"},"query-input":{"@type":"PropertyValueSpecification","valueRequired":true,"valueName":"search_term_string"}}],"inLanguage":"nb-NO"},{"@type":"Organization","@id":"https:\/\/tiamly.com\/no\/#organization","name":"Tiamly","alternateName":"Tiamly.com","url":"https:\/\/tiamly.com\/no\/","logo":{"@type":"ImageObject","inLanguage":"nb-NO","@id":"https:\/\/tiamly.com\/no\/#\/schema\/logo\/image\/","url":"https:\/\/tiamly.com\/no\/wp-content\/uploads\/Tiamly-Mobile-Logo.png","contentUrl":"https:\/\/tiamly.com\/no\/wp-content\/uploads\/Tiamly-Mobile-Logo.png","width":404,"height":144,"caption":"Tiamly"},"image":{"@id":"https:\/\/tiamly.com\/no\/#\/schema\/logo\/image\/"},"sameAs":["https:\/\/www.facebook.com\/tiamlydating\/"]},{"@type":"Person","@id":"https:\/\/tiamly.com\/no\/#\/schema\/person\/3a82a40014b7bac42e6da6cee8b9bb66","name":"Emma Stockton","image":{"@type":"ImageObject","inLanguage":"nb-NO","@id":"https:\/\/secure.gravatar.com\/avatar\/2ba2aad0a526cef3d39a3f0562f673646fb8ab9978e3977a73e23202ad3be04a?s=96&d=mm&r=g","url":"https:\/\/secure.gravatar.com\/avatar\/2ba2aad0a526cef3d39a3f0562f673646fb8ab9978e3977a73e23202ad3be04a?s=96&d=mm&r=g","contentUrl":"https:\/\/secure.gravatar.com\/avatar\/2ba2aad0a526cef3d39a3f0562f673646fb8ab9978e3977a73e23202ad3be04a?s=96&d=mm&r=g","caption":"Emma Stockton"},"sameAs":["https:\/\/tiamly.com\/no"],"url":"https:\/\/tiamly.com\/no\/author\/per-erik-eriksson\/"}]}},"_links":{"self":[{"href":"https:\/\/tiamly.com\/no\/wp-json\/wp\/v2\/pages\/1531","targetHints":{"allow":["GET"]}}],"collection":[{"href":"https:\/\/tiamly.com\/no\/wp-json\/wp\/v2\/pages"}],"about":[{"href":"https:\/\/tiamly.com\/no\/wp-json\/wp\/v2\/types\/page"}],"author":[{"embeddable":true,"href":"https:\/\/tiamly.com\/no\/wp-json\/wp\/v2\/users\/3"}],"replies":[{"embeddable":true,"href":"https:\/\/tiamly.com\/no\/wp-json\/wp\/v2\/comments?post=1531"}],"version-history":[{"count":9,"href":"https:\/\/tiamly.com\/no\/wp-json\/wp\/v2\/pages\/1531\/revisions"}],"predecessor-version":[{"id":6832,"href":"https:\/\/tiamly.com\/no\/wp-json\/wp\/v2\/pages\/1531\/revisions\/6832"}],"wp:featuredmedia":[{"embeddable":true,"href":"https:\/\/tiamly.com\/no\/wp-json\/wp\/v2\/media\/4763"}],"wp:attachment":[{"href":"https:\/\/tiamly.com\/no\/wp-json\/wp\/v2\/media?parent=1531"}],"curies":[{"name":"wp","href":"https:\/\/api.w.org\/{rel}","templated":true}]}}